{"id":7347,"date":"2025-12-01T18:07:29","date_gmt":"2025-12-01T18:07:29","guid":{"rendered":"https:\/\/www.tinywunderhouse.com\/?page_id=7347"},"modified":"2025-12-29T01:36:12","modified_gmt":"2025-12-29T01:36:12","slug":"in-produktion","status":"publish","type":"page","link":"https:\/\/www.tinywunderhouse.com\/de-de\/in-produktion\/","title":{"rendered":"In produktion"},"content":{"rendered":"\t\t<div data-elementor-type=\"wp-page\" data-elementor-id=\"7347\" class=\"elementor elementor-7347\" data-elementor-post-type=\"page\">\n\t\t\t\t<div class=\"elementor-element elementor-element-e297399 e-flex e-con-boxed e-con e-parent\" data-id=\"e297399\" data-element_type=\"container\" data-e-type=\"container\" data-settings=\"{&quot;background_background&quot;:&quot;classic&quot;}\">\n\t\t\t\t\t<div class=\"e-con-inner\">\n\t\t<div class=\"elementor-element elementor-element-156b74f e-con-full e-flex e-con e-child\" data-id=\"156b74f\" data-element_type=\"container\" data-e-type=\"container\">\n\t\t\t\t<div class=\"elementor-element elementor-element-5f05435 elementor-widget elementor-widget-heading\" data-id=\"5f05435\" data-element_type=\"widget\" data-e-type=\"widget\" data-widget_type=\"heading.default\">\n\t\t\t\t<div class=\"elementor-widget-container\">\n\t\t\t\t\t<h1 class=\"elementor-heading-title elementor-size-default\">Titan<\/h1>\t\t\t\t<\/div>\n\t\t\t\t<\/div>\n\t\t\t\t<div class=\"elementor-element elementor-element-a0f2cfd elementor-widget elementor-widget-heading\" data-id=\"a0f2cfd\" data-element_type=\"widget\" data-e-type=\"widget\" data-widget_type=\"heading.default\">\n\t\t\t\t<div class=\"elementor-widget-container\">\n\t\t\t\t\t<h2 class=\"elementor-heading-title elementor-size-default\">In Produktion<\/h2>\t\t\t\t<\/div>\n\t\t\t\t<\/div>\n\t\t\t\t<div class=\"elementor-element elementor-element-0151d7f elementor-view-default elementor-invisible elementor-widget elementor-widget-icon\" data-id=\"0151d7f\" data-element_type=\"widget\" data-e-type=\"widget\" data-settings=\"{&quot;_animation&quot;:&quot;bounce&quot;,&quot;_animation_delay&quot;:2000}\" data-widget_type=\"icon.default\">\n\t\t\t\t<div class=\"elementor-widget-container\">\n\t\t\t\t\t\t\t<div class=\"elementor-icon-wrapper\">\n\t\t\t<div class=\"elementor-icon\">\n\t\t\t<i aria-hidden=\"true\" class=\"fas fa-angle-double-down\"><\/i>\t\t\t<\/div>\n\t\t<\/div>\n\t\t\t\t\t\t<\/div>\n\t\t\t\t<\/div>\n\t\t\t\t<\/div>\n\t\t\t\t\t<\/div>\n\t\t\t\t<\/div>\n\t\t<div class=\"elementor-element elementor-element-e7b9ff4 e-flex e-con-boxed e-con e-parent\" data-id=\"e7b9ff4\" data-element_type=\"container\" data-e-type=\"container\">\n\t\t\t\t\t<div class=\"e-con-inner\">\n\t\t\t\t<div class=\"elementor-element elementor-element-819ec5f elementor-widget elementor-widget-spacer\" data-id=\"819ec5f\" data-element_type=\"widget\" data-e-type=\"widget\" data-widget_type=\"spacer.default\">\n\t\t\t\t<div class=\"elementor-widget-container\">\n\t\t\t\t\t\t\t<div class=\"elementor-spacer\">\n\t\t\t<div class=\"elementor-spacer-inner\"><\/div>\n\t\t<\/div>\n\t\t\t\t\t\t<\/div>\n\t\t\t\t<\/div>\n\t\t\t\t<div class=\"elementor-element elementor-element-ea4d13b elementor-widget elementor-widget-heading\" data-id=\"ea4d13b\" data-element_type=\"widget\" data-e-type=\"widget\" data-widget_type=\"heading.default\">\n\t\t\t\t<div class=\"elementor-widget-container\">\n\t\t\t\t\t<h3 class=\"elementor-heading-title elementor-size-default\">Ihr zuk\u00fcnftiges Tiny House entsteht gerade<\/h3>\t\t\t\t<\/div>\n\t\t\t\t<\/div>\n\t\t\t\t<div class=\"elementor-element elementor-element-7a3bc79 elementor-widget elementor-widget-text-editor\" data-id=\"7a3bc79\" data-element_type=\"widget\" data-e-type=\"widget\" data-widget_type=\"text-editor.default\">\n\t\t\t\t<div class=\"elementor-widget-container\">\n\t\t\t\t\t\t\t\t\t<h5>Was Sie hier sehen, sind reale Projekte, die sich aktuell im Bau befinden und direkt aus unserer Werkstatt stammen.<\/h5>\t\t\t\t\t\t\t\t<\/div>\n\t\t\t\t<\/div>\n\t\t\t\t<div class=\"elementor-element elementor-element-ceaae5c elementor-position-top elementor-widget elementor-widget-image-box\" data-id=\"ceaae5c\" data-element_type=\"widget\" data-e-type=\"widget\" data-widget_type=\"image-box.default\">\n\t\t\t\t<div class=\"elementor-widget-container\">\n\t\t\t\t\t<div class=\"elementor-image-box-wrapper\"><figure class=\"elementor-image-box-img\"><img fetchpriority=\"high\" decoding=\"async\" width=\"2040\" height=\"1530\" src=\"https:\/\/www.tinywunderhouse.com\/wp-content\/uploads\/2025\/12\/WhatsApp-Image-2025-12-01-at-19.45.56.jpeg\" class=\"attachment-full size-full wp-image-7360\" alt=\"\" srcset=\"https:\/\/www.tinywunderhouse.com\/wp-content\/uploads\/2025\/12\/WhatsApp-Image-2025-12-01-at-19.45.56.jpeg 2040w, https:\/\/www.tinywunderhouse.com\/wp-content\/uploads\/2025\/12\/WhatsApp-Image-2025-12-01-at-19.45.56-300x225.jpeg 300w, https:\/\/www.tinywunderhouse.com\/wp-content\/uploads\/2025\/12\/WhatsApp-Image-2025-12-01-at-19.45.56-1024x768.jpeg 1024w, https:\/\/www.tinywunderhouse.com\/wp-content\/uploads\/2025\/12\/WhatsApp-Image-2025-12-01-at-19.45.56-768x576.jpeg 768w, https:\/\/www.tinywunderhouse.com\/wp-content\/uploads\/2025\/12\/WhatsApp-Image-2025-12-01-at-19.45.56-1536x1152.jpeg 1536w\" sizes=\"(max-width: 2040px) 100vw, 2040px\" \/><\/figure><div class=\"elementor-image-box-content\"><h3 class=\"elementor-image-box-title\">Handwerk statt Massenproduktion<\/h3><p class=\"elementor-image-box-description\">Dieses Haus geh\u00f6rt zu unserer 7,8-m-Serie, entwickelt f\u00fcr ganzj\u00e4hriges Wohnen, hohe Energieeffizienz und langlebige Materialien f\u00fcr den echten Alltag.\nJedes Tiny Wunder House wird individuell gebaut \u2014 nicht kopiert, nicht vom Band produziert und nicht \u00fcberst\u00fcrzt gefertigt.<\/p><\/div><\/div>\t\t\t\t<\/div>\n\t\t\t\t<\/div>\n\t\t\t\t\t<\/div>\n\t\t\t\t<\/div>\n\t\t<div class=\"elementor-element elementor-element-d351c14 e-flex e-con-boxed e-con e-parent\" data-id=\"d351c14\" data-element_type=\"container\" data-e-type=\"container\">\n\t\t\t\t\t<div class=\"e-con-inner\">\n\t\t\t\t<div class=\"elementor-element elementor-element-ef3400f elementor-widget elementor-widget-image-gallery\" data-id=\"ef3400f\" data-element_type=\"widget\" data-e-type=\"widget\" data-widget_type=\"image-gallery.default\">\n\t\t\t\t<div class=\"elementor-widget-container\">\n\t\t\t\t\t\t\t<div class=\"elementor-image-gallery\">\n\t\t\t<div id='gallery-1' class='gallery galleryid-7347 gallery-columns-3 gallery-size-medium'><figure class='gallery-item'>\n\t\t\t<div class='gallery-icon landscape'>\n\t\t\t\t<a data-elementor-open-lightbox=\"yes\" data-elementor-lightbox-slideshow=\"ef3400f\" data-elementor-lightbox-title=\"PIA20016-1-e1764612444971.jpg\" data-e-action-hash=\"#elementor-action%3Aaction%3Dlightbox%26settings%3DeyJpZCI6NzM4MiwidXJsIjoiaHR0cHM6XC9cL3d3dy50aW55d3VuZGVyaG91c2UuY29tXC93cC1jb250ZW50XC91cGxvYWRzXC8yMDI1XC8xMlwvUElBMjAwMTYtMS1lMTc2NDYxMjQ0NDk3MS0xLmpwZyIsInNsaWRlc2hvdyI6ImVmMzQwMGYifQ%3D%3D\" href='https:\/\/www.tinywunderhouse.com\/wp-content\/uploads\/2025\/12\/PIA20016-1-e1764612444971-1.jpg'><img decoding=\"async\" width=\"300\" height=\"225\" src=\"https:\/\/www.tinywunderhouse.com\/wp-content\/uploads\/2025\/12\/PIA20016-1-e1764612444971-1-300x225.jpg\" class=\"attachment-medium size-medium\" alt=\"\" srcset=\"https:\/\/www.tinywunderhouse.com\/wp-content\/uploads\/2025\/12\/PIA20016-1-e1764612444971-1-300x225.jpg 300w, https:\/\/www.tinywunderhouse.com\/wp-content\/uploads\/2025\/12\/PIA20016-1-e1764612444971-1-1024x770.jpg 1024w, https:\/\/www.tinywunderhouse.com\/wp-content\/uploads\/2025\/12\/PIA20016-1-e1764612444971-1-768x577.jpg 768w, https:\/\/www.tinywunderhouse.com\/wp-content\/uploads\/2025\/12\/PIA20016-1-e1764612444971-1.jpg 1530w\" sizes=\"(max-width: 300px) 100vw, 300px\" \/><\/a>\n\t\t\t<\/div><\/figure><figure class='gallery-item'>\n\t\t\t<div class='gallery-icon landscape'>\n\t\t\t\t<a data-elementor-open-lightbox=\"yes\" data-elementor-lightbox-slideshow=\"ef3400f\" data-elementor-lightbox-title=\"WhatsApp-Image-2025-12-01-at-19.45.54.jpeg\" data-e-action-hash=\"#elementor-action%3Aaction%3Dlightbox%26settings%3DeyJpZCI6NzM4NSwidXJsIjoiaHR0cHM6XC9cL3d3dy50aW55d3VuZGVyaG91c2UuY29tXC93cC1jb250ZW50XC91cGxvYWRzXC8yMDI1XC8xMlwvV2hhdHNBcHAtSW1hZ2UtMjAyNS0xMi0wMS1hdC0xOS40NS41NC0xLmpwZWciLCJzbGlkZXNob3ciOiJlZjM0MDBmIn0%3D\" href='https:\/\/www.tinywunderhouse.com\/wp-content\/uploads\/2025\/12\/WhatsApp-Image-2025-12-01-at-19.45.54-1.jpeg'><img decoding=\"async\" width=\"300\" height=\"225\" src=\"https:\/\/www.tinywunderhouse.com\/wp-content\/uploads\/2025\/12\/WhatsApp-Image-2025-12-01-at-19.45.54-1-300x225.jpeg\" class=\"attachment-medium size-medium\" alt=\"\" srcset=\"https:\/\/www.tinywunderhouse.com\/wp-content\/uploads\/2025\/12\/WhatsApp-Image-2025-12-01-at-19.45.54-1-300x225.jpeg 300w, https:\/\/www.tinywunderhouse.com\/wp-content\/uploads\/2025\/12\/WhatsApp-Image-2025-12-01-at-19.45.54-1-1024x768.jpeg 1024w, https:\/\/www.tinywunderhouse.com\/wp-content\/uploads\/2025\/12\/WhatsApp-Image-2025-12-01-at-19.45.54-1-768x576.jpeg 768w, https:\/\/www.tinywunderhouse.com\/wp-content\/uploads\/2025\/12\/WhatsApp-Image-2025-12-01-at-19.45.54-1-1536x1152.jpeg 1536w, https:\/\/www.tinywunderhouse.com\/wp-content\/uploads\/2025\/12\/WhatsApp-Image-2025-12-01-at-19.45.54-1.jpeg 2040w\" sizes=\"(max-width: 300px) 100vw, 300px\" \/><\/a>\n\t\t\t<\/div><\/figure><figure class='gallery-item'>\n\t\t\t<div class='gallery-icon landscape'>\n\t\t\t\t<a data-elementor-open-lightbox=\"yes\" data-elementor-lightbox-slideshow=\"ef3400f\" data-elementor-lightbox-title=\"WhatsApp-Image-2025-12-01-at-19.45.55.jpeg\" data-e-action-hash=\"#elementor-action%3Aaction%3Dlightbox%26settings%3DeyJpZCI6NzM4OCwidXJsIjoiaHR0cHM6XC9cL3d3dy50aW55d3VuZGVyaG91c2UuY29tXC93cC1jb250ZW50XC91cGxvYWRzXC8yMDI1XC8xMlwvV2hhdHNBcHAtSW1hZ2UtMjAyNS0xMi0wMS1hdC0xOS40NS41NS0yLmpwZWciLCJzbGlkZXNob3ciOiJlZjM0MDBmIn0%3D\" href='https:\/\/www.tinywunderhouse.com\/wp-content\/uploads\/2025\/12\/WhatsApp-Image-2025-12-01-at-19.45.55-2.jpeg'><img loading=\"lazy\" decoding=\"async\" width=\"300\" height=\"225\" src=\"https:\/\/www.tinywunderhouse.com\/wp-content\/uploads\/2025\/12\/WhatsApp-Image-2025-12-01-at-19.45.55-2-300x225.jpeg\" class=\"attachment-medium size-medium\" alt=\"\" srcset=\"https:\/\/www.tinywunderhouse.com\/wp-content\/uploads\/2025\/12\/WhatsApp-Image-2025-12-01-at-19.45.55-2-300x225.jpeg 300w, https:\/\/www.tinywunderhouse.com\/wp-content\/uploads\/2025\/12\/WhatsApp-Image-2025-12-01-at-19.45.55-2-1024x768.jpeg 1024w, https:\/\/www.tinywunderhouse.com\/wp-content\/uploads\/2025\/12\/WhatsApp-Image-2025-12-01-at-19.45.55-2-768x576.jpeg 768w, https:\/\/www.tinywunderhouse.com\/wp-content\/uploads\/2025\/12\/WhatsApp-Image-2025-12-01-at-19.45.55-2-1536x1152.jpeg 1536w, https:\/\/www.tinywunderhouse.com\/wp-content\/uploads\/2025\/12\/WhatsApp-Image-2025-12-01-at-19.45.55-2.jpeg 2040w\" sizes=\"(max-width: 300px) 100vw, 300px\" \/><\/a>\n\t\t\t<\/div><\/figure><figure class='gallery-item'>\n\t\t\t<div class='gallery-icon landscape'>\n\t\t\t\t<a data-elementor-open-lightbox=\"yes\" data-elementor-lightbox-slideshow=\"ef3400f\" data-elementor-lightbox-title=\"WhatsApp-Image-2025-12-01-at-19.45.55-1.jpeg\" data-e-action-hash=\"#elementor-action%3Aaction%3Dlightbox%26settings%3DeyJpZCI6NzM5NCwidXJsIjoiaHR0cHM6XC9cL3d3dy50aW55d3VuZGVyaG91c2UuY29tXC93cC1jb250ZW50XC91cGxvYWRzXC8yMDI1XC8xMlwvV2hhdHNBcHAtSW1hZ2UtMjAyNS0xMi0wMS1hdC0xOS40NS41NS0xLTIuanBlZyIsInNsaWRlc2hvdyI6ImVmMzQwMGYifQ%3D%3D\" href='https:\/\/www.tinywunderhouse.com\/wp-content\/uploads\/2025\/12\/WhatsApp-Image-2025-12-01-at-19.45.55-1-2.jpeg'><img loading=\"lazy\" decoding=\"async\" width=\"300\" height=\"221\" src=\"https:\/\/www.tinywunderhouse.com\/wp-content\/uploads\/2025\/12\/WhatsApp-Image-2025-12-01-at-19.45.55-1-2-300x221.jpeg\" class=\"attachment-medium size-medium\" alt=\"\" srcset=\"https:\/\/www.tinywunderhouse.com\/wp-content\/uploads\/2025\/12\/WhatsApp-Image-2025-12-01-at-19.45.55-1-2-300x221.jpeg 300w, https:\/\/www.tinywunderhouse.com\/wp-content\/uploads\/2025\/12\/WhatsApp-Image-2025-12-01-at-19.45.55-1-2-1024x754.jpeg 1024w, https:\/\/www.tinywunderhouse.com\/wp-content\/uploads\/2025\/12\/WhatsApp-Image-2025-12-01-at-19.45.55-1-2-768x566.jpeg 768w, https:\/\/www.tinywunderhouse.com\/wp-content\/uploads\/2025\/12\/WhatsApp-Image-2025-12-01-at-19.45.55-1-2-1536x1131.jpeg 1536w, https:\/\/www.tinywunderhouse.com\/wp-content\/uploads\/2025\/12\/WhatsApp-Image-2025-12-01-at-19.45.55-1-2.jpeg 1959w\" sizes=\"(max-width: 300px) 100vw, 300px\" \/><\/a>\n\t\t\t<\/div><\/figure><figure class='gallery-item'>\n\t\t\t<div class='gallery-icon landscape'>\n\t\t\t\t<a data-elementor-open-lightbox=\"yes\" data-elementor-lightbox-slideshow=\"ef3400f\" data-elementor-lightbox-title=\"WhatsApp-Image-2025-12-01-at-19.45.56.jpeg\" data-e-action-hash=\"#elementor-action%3Aaction%3Dlightbox%26settings%3DeyJpZCI6NzQwMCwidXJsIjoiaHR0cHM6XC9cL3d3dy50aW55d3VuZGVyaG91c2UuY29tXC93cC1jb250ZW50XC91cGxvYWRzXC8yMDI1XC8xMlwvV2hhdHNBcHAtSW1hZ2UtMjAyNS0xMi0wMS1hdC0xOS40NS41Ni0yLmpwZWciLCJzbGlkZXNob3ciOiJlZjM0MDBmIn0%3D\" href='https:\/\/www.tinywunderhouse.com\/wp-content\/uploads\/2025\/12\/WhatsApp-Image-2025-12-01-at-19.45.56-2.jpeg'><img loading=\"lazy\" decoding=\"async\" width=\"300\" height=\"225\" src=\"https:\/\/www.tinywunderhouse.com\/wp-content\/uploads\/2025\/12\/WhatsApp-Image-2025-12-01-at-19.45.56-2-300x225.jpeg\" class=\"attachment-medium size-medium\" alt=\"\" srcset=\"https:\/\/www.tinywunderhouse.com\/wp-content\/uploads\/2025\/12\/WhatsApp-Image-2025-12-01-at-19.45.56-2-300x225.jpeg 300w, https:\/\/www.tinywunderhouse.com\/wp-content\/uploads\/2025\/12\/WhatsApp-Image-2025-12-01-at-19.45.56-2-1024x768.jpeg 1024w, https:\/\/www.tinywunderhouse.com\/wp-content\/uploads\/2025\/12\/WhatsApp-Image-2025-12-01-at-19.45.56-2-768x576.jpeg 768w, https:\/\/www.tinywunderhouse.com\/wp-content\/uploads\/2025\/12\/WhatsApp-Image-2025-12-01-at-19.45.56-2-1536x1152.jpeg 1536w, https:\/\/www.tinywunderhouse.com\/wp-content\/uploads\/2025\/12\/WhatsApp-Image-2025-12-01-at-19.45.56-2.jpeg 2040w\" sizes=\"(max-width: 300px) 100vw, 300px\" \/><\/a>\n\t\t\t<\/div><\/figure><figure class='gallery-item'>\n\t\t\t<div class='gallery-icon landscape'>\n\t\t\t\t<a data-elementor-open-lightbox=\"yes\" data-elementor-lightbox-slideshow=\"ef3400f\" data-elementor-lightbox-title=\"titannn\" data-e-action-hash=\"#elementor-action%3Aaction%3Dlightbox%26settings%3DeyJpZCI6NzQxNSwidXJsIjoiaHR0cHM6XC9cL3d3dy50aW55d3VuZGVyaG91c2UuY29tXC93cC1jb250ZW50XC91cGxvYWRzXC8yMDI1XC8xMlwvdGl0YW5ubi5qcGVnIiwic2xpZGVzaG93IjoiZWYzNDAwZiJ9\" href='https:\/\/www.tinywunderhouse.com\/wp-content\/uploads\/2025\/12\/titannn.jpeg'><img loading=\"lazy\" decoding=\"async\" width=\"300\" height=\"225\" src=\"https:\/\/www.tinywunderhouse.com\/wp-content\/uploads\/2025\/12\/titannn-300x225.jpeg\" class=\"attachment-medium size-medium\" alt=\"\" srcset=\"https:\/\/www.tinywunderhouse.com\/wp-content\/uploads\/2025\/12\/titannn-300x225.jpeg 300w, https:\/\/www.tinywunderhouse.com\/wp-content\/uploads\/2025\/12\/titannn-1024x768.jpeg 1024w, https:\/\/www.tinywunderhouse.com\/wp-content\/uploads\/2025\/12\/titannn-768x576.jpeg 768w, https:\/\/www.tinywunderhouse.com\/wp-content\/uploads\/2025\/12\/titannn-1536x1152.jpeg 1536w, https:\/\/www.tinywunderhouse.com\/wp-content\/uploads\/2025\/12\/titannn.jpeg 1600w\" sizes=\"(max-width: 300px) 100vw, 300px\" \/><\/a>\n\t\t\t<\/div><\/figure><figure class='gallery-item'>\n\t\t\t<div class='gallery-icon landscape'>\n\t\t\t\t<a data-elementor-open-lightbox=\"yes\" data-elementor-lightbox-slideshow=\"ef3400f\" data-elementor-lightbox-title=\"WhatsApp Image 2025-12-02 at 06.43.34\" data-e-action-hash=\"#elementor-action%3Aaction%3Dlightbox%26settings%3DeyJpZCI6NzQxMiwidXJsIjoiaHR0cHM6XC9cL3d3dy50aW55d3VuZGVyaG91c2UuY29tXC93cC1jb250ZW50XC91cGxvYWRzXC8yMDI1XC8xMlwvV2hhdHNBcHAtSW1hZ2UtMjAyNS0xMi0wMi1hdC0wNi40My4zNC5qcGVnIiwic2xpZGVzaG93IjoiZWYzNDAwZiJ9\" href='https:\/\/www.tinywunderhouse.com\/wp-content\/uploads\/2025\/12\/WhatsApp-Image-2025-12-02-at-06.43.34.jpeg'><img loading=\"lazy\" decoding=\"async\" width=\"300\" height=\"225\" src=\"https:\/\/www.tinywunderhouse.com\/wp-content\/uploads\/2025\/12\/WhatsApp-Image-2025-12-02-at-06.43.34-300x225.jpeg\" class=\"attachment-medium size-medium\" alt=\"\" srcset=\"https:\/\/www.tinywunderhouse.com\/wp-content\/uploads\/2025\/12\/WhatsApp-Image-2025-12-02-at-06.43.34-300x225.jpeg 300w, https:\/\/www.tinywunderhouse.com\/wp-content\/uploads\/2025\/12\/WhatsApp-Image-2025-12-02-at-06.43.34-1024x768.jpeg 1024w, https:\/\/www.tinywunderhouse.com\/wp-content\/uploads\/2025\/12\/WhatsApp-Image-2025-12-02-at-06.43.34-768x576.jpeg 768w, https:\/\/www.tinywunderhouse.com\/wp-content\/uploads\/2025\/12\/WhatsApp-Image-2025-12-02-at-06.43.34-1536x1152.jpeg 1536w, https:\/\/www.tinywunderhouse.com\/wp-content\/uploads\/2025\/12\/WhatsApp-Image-2025-12-02-at-06.43.34.jpeg 1600w\" sizes=\"(max-width: 300px) 100vw, 300px\" \/><\/a>\n\t\t\t<\/div><\/figure>\n\t\t<\/div>\n\t\t<\/div>\n\t\t\t\t\t\t<\/div>\n\t\t\t\t<\/div>\n\t\t\t\t\t<\/div>\n\t\t\t\t<\/div>\n\t\t\t\t<\/div>\n\t\t","protected":false},"excerpt":{"rendered":"<p>Titan In Produktion Ihr zuk\u00fcnftiges Tiny House entsteht gerade Was Sie hier sehen, sind reale Projekte, die sich aktuell im Bau befinden und direkt aus unserer Werkstatt stammen. Handwerk statt Massenproduktion Dieses Haus geh\u00f6rt zu unserer 7,8-m-Serie, entwickelt f\u00fcr ganzj\u00e4hriges Wohnen, hohe Energieeffizienz und langlebige Materialien f\u00fcr den echten Alltag. Jedes Tiny Wunder House wird [&hellip;]<\/p>\n","protected":false},"author":1,"featured_media":7385,"parent":0,"menu_order":0,"comment_status":"closed","ping_status":"closed","template":"","meta":{"om_disable_all_campaigns":false,"_monsterinsights_skip_tracking":false,"_monsterinsights_sitenote_active":false,"_monsterinsights_sitenote_note":"","_monsterinsights_sitenote_category":0,"footnotes":""},"class_list":["post-7347","page","type-page","status-publish","has-post-thumbnail","hentry"],"aioseo_notices":[],"_links":{"self":[{"href":"https:\/\/www.tinywunderhouse.com\/de-de\/wp-json\/wp\/v2\/pages\/7347","targetHints":{"allow":["GET"]}}],"collection":[{"href":"https:\/\/www.tinywunderhouse.com\/de-de\/wp-json\/wp\/v2\/pages"}],"about":[{"href":"https:\/\/www.tinywunderhouse.com\/de-de\/wp-json\/wp\/v2\/types\/page"}],"author":[{"embeddable":true,"href":"https:\/\/www.tinywunderhouse.com\/de-de\/wp-json\/wp\/v2\/users\/1"}],"replies":[{"embeddable":true,"href":"https:\/\/www.tinywunderhouse.com\/de-de\/wp-json\/wp\/v2\/comments?post=7347"}],"version-history":[{"count":13,"href":"https:\/\/www.tinywunderhouse.com\/de-de\/wp-json\/wp\/v2\/pages\/7347\/revisions"}],"predecessor-version":[{"id":7442,"href":"https:\/\/www.tinywunderhouse.com\/de-de\/wp-json\/wp\/v2\/pages\/7347\/revisions\/7442"}],"wp:featuredmedia":[{"embeddable":true,"href":"https:\/\/www.tinywunderhouse.com\/de-de\/wp-json\/wp\/v2\/media\/7385"}],"wp:attachment":[{"href":"https:\/\/www.tinywunderhouse.com\/de-de\/wp-json\/wp\/v2\/media?parent=7347"}],"curies":[{"name":"wp","href":"https:\/\/api.w.org\/{rel}","templated":true}]}}