{"id":7245,"date":"2025-11-09T15:11:51","date_gmt":"2025-11-09T15:11:51","guid":{"rendered":"https:\/\/www.tinywunderhouse.com\/?page_id=7245"},"modified":"2025-12-23T02:32:20","modified_gmt":"2025-12-23T02:32:20","slug":"72-serie","status":"publish","type":"page","link":"https:\/\/www.tinywunderhouse.com\/de-de\/72-serie\/","title":{"rendered":"7,2-Meter-Serie \u2013 Modernes Tiny House Design"},"content":{"rendered":"\t\t<div data-elementor-type=\"wp-page\" data-elementor-id=\"7245\" class=\"elementor elementor-7245\" data-elementor-post-type=\"page\">\n\t\t\t\t<div class=\"elementor-element elementor-element-e02442e e-flex e-con-boxed e-con e-parent\" data-id=\"e02442e\" data-element_type=\"container\" data-e-type=\"container\" data-settings=\"{&quot;background_background&quot;:&quot;classic&quot;}\">\n\t\t\t\t\t<div class=\"e-con-inner\">\n\t\t<div class=\"elementor-element elementor-element-97501c2 e-con-full e-flex e-con e-child\" data-id=\"97501c2\" data-element_type=\"container\" data-e-type=\"container\">\n\t\t\t\t<div class=\"elementor-element elementor-element-ca06a77 elementor-widget elementor-widget-heading\" data-id=\"ca06a77\" data-element_type=\"widget\" data-e-type=\"widget\" data-widget_type=\"heading.default\">\n\t\t\t\t<div class=\"elementor-widget-container\">\n\t\t\t\t\t<h1 class=\"elementor-heading-title elementor-size-default\">7,2-m Tiny House Serie<\/h1>\t\t\t\t<\/div>\n\t\t\t\t<\/div>\n\t\t\t\t<div class=\"elementor-element elementor-element-307bdad elementor-widget elementor-widget-heading\" data-id=\"307bdad\" data-element_type=\"widget\" data-e-type=\"widget\" data-widget_type=\"heading.default\">\n\t\t\t\t<div class=\"elementor-widget-container\">\n\t\t\t\t\t<h2 class=\"elementor-heading-title elementor-size-default\">Zwei Varianten, ein Lebensstil.\nGebaut f\u00fcr ganzj\u00e4hrigen Komfort und den Alltag.<\/h2>\t\t\t\t<\/div>\n\t\t\t\t<\/div>\n\t\t\t\t<div class=\"elementor-element elementor-element-c2f1927 elementor-view-default elementor-invisible elementor-widget elementor-widget-icon\" data-id=\"c2f1927\" data-element_type=\"widget\" data-e-type=\"widget\" data-settings=\"{&quot;_animation&quot;:&quot;bounce&quot;,&quot;_animation_delay&quot;:2000}\" data-widget_type=\"icon.default\">\n\t\t\t\t<div class=\"elementor-widget-container\">\n\t\t\t\t\t\t\t<div class=\"elementor-icon-wrapper\">\n\t\t\t<div class=\"elementor-icon\">\n\t\t\t<i aria-hidden=\"true\" class=\"fas fa-angle-double-down\"><\/i>\t\t\t<\/div>\n\t\t<\/div>\n\t\t\t\t\t\t<\/div>\n\t\t\t\t<\/div>\n\t\t\t\t<\/div>\n\t\t\t\t\t<\/div>\n\t\t\t\t<\/div>\n\t\t<div class=\"elementor-element elementor-element-b90b61d e-flex e-con-boxed e-con e-parent\" data-id=\"b90b61d\" data-element_type=\"container\" data-e-type=\"container\">\n\t\t\t\t\t<div class=\"e-con-inner\">\n\t\t\t\t<div class=\"elementor-element elementor-element-ebfc29d elementor-widget elementor-widget-heading\" data-id=\"ebfc29d\" data-element_type=\"widget\" data-e-type=\"widget\" data-widget_type=\"heading.default\">\n\t\t\t\t<div class=\"elementor-widget-container\">\n\t\t\t\t\t<h3 class=\"elementor-heading-title elementor-size-default\">Sorgf\u00e4ltig gebaut. Au\u00dfergew\u00f6hnlich bewohnbar.<\/h3>\t\t\t\t<\/div>\n\t\t\t\t<\/div>\n\t\t\t\t\t<\/div>\n\t\t\t\t<\/div>\n\t\t<div class=\"elementor-element elementor-element-a01cc7e e-flex e-con-boxed e-con e-parent\" data-id=\"a01cc7e\" data-element_type=\"container\" data-e-type=\"container\">\n\t\t\t\t\t<div class=\"e-con-inner\">\n\t\t\t\t<div class=\"elementor-element elementor-element-4570678 elementor-widget elementor-widget-text-editor\" data-id=\"4570678\" data-element_type=\"widget\" data-e-type=\"widget\" data-widget_type=\"text-editor.default\">\n\t\t\t\t<div class=\"elementor-widget-container\">\n\t\t\t\t\t\t\t\t\t<h4>Unsere 7,2-m Modelle teilen die gleiche bauliche Grundlage<br data-start=\"161\" data-end=\"164\" \/>ein gro\u00dfz\u00fcgiger Grundriss, nat\u00fcrliche Materialien, solide D\u00e4mmung und ruhige, warme Innenr\u00e4ume.<br data-start=\"259\" data-end=\"262\" \/>Der Unterschied liegt darin, wie du darin leben m\u00f6chtest.<\/h4>\t\t\t\t\t\t\t\t<\/div>\n\t\t\t\t<\/div>\n\t\t\t\t\t<\/div>\n\t\t\t\t<\/div>\n\t\t<div class=\"elementor-element elementor-element-904ec5e e-flex e-con-boxed e-con e-parent\" data-id=\"904ec5e\" data-element_type=\"container\" data-e-type=\"container\">\n\t\t\t\t\t<div class=\"e-con-inner\">\n\t\t\t\t<div class=\"elementor-element elementor-element-365422d elementor-widget elementor-widget-spacer\" data-id=\"365422d\" data-element_type=\"widget\" data-e-type=\"widget\" data-widget_type=\"spacer.default\">\n\t\t\t\t<div class=\"elementor-widget-container\">\n\t\t\t\t\t\t\t<div class=\"elementor-spacer\">\n\t\t\t<div class=\"elementor-spacer-inner\"><\/div>\n\t\t<\/div>\n\t\t\t\t\t\t<\/div>\n\t\t\t\t<\/div>\n\t\t<div class=\"elementor-element elementor-element-4be9801 e-grid e-con-full e-con e-child\" data-id=\"4be9801\" data-element_type=\"container\" data-e-type=\"container\">\n\t\t\t\t<div class=\"elementor-element elementor-element-7319a90 elementor-widget elementor-widget-image\" data-id=\"7319a90\" data-element_type=\"widget\" data-e-type=\"widget\" data-widget_type=\"image.default\">\n\t\t\t\t<div class=\"elementor-widget-container\">\n\t\t\t\t\t\t\t\t\t\t\t\t<figure class=\"wp-caption\">\n\t\t\t\t\t\t\t\t\t\t\t<a href=\"https:\/\/www.tinywunderhouse.com\/de-de\/saturn\/\">\n\t\t\t\t\t\t\t<img fetchpriority=\"high\" decoding=\"async\" width=\"800\" height=\"533\" src=\"https:\/\/www.tinywunderhouse.com\/wp-content\/uploads\/2025\/11\/20221013_181042-scaled-e1679431231882-1-jpg-1024x682.webp\" class=\"attachment-large size-large wp-image-7296\" alt=\"\" srcset=\"https:\/\/www.tinywunderhouse.com\/wp-content\/uploads\/2025\/11\/20221013_181042-scaled-e1679431231882-1-jpg-1024x682.webp 1024w, https:\/\/www.tinywunderhouse.com\/wp-content\/uploads\/2025\/11\/20221013_181042-scaled-e1679431231882-1-jpg-300x200.webp 300w, https:\/\/www.tinywunderhouse.com\/wp-content\/uploads\/2025\/11\/20221013_181042-scaled-e1679431231882-1-jpg-768x511.webp 768w, https:\/\/www.tinywunderhouse.com\/wp-content\/uploads\/2025\/11\/20221013_181042-scaled-e1679431231882-1-jpg-1536x1022.webp 1536w, https:\/\/www.tinywunderhouse.com\/wp-content\/uploads\/2025\/11\/20221013_181042-scaled-e1679431231882-1-jpg.webp 2048w\" sizes=\"(max-width: 800px) 100vw, 800px\" \/>\t\t\t\t\t\t\t\t<\/a>\n\t\t\t\t\t\t\t\t\t\t\t<figcaption class=\"widget-image-caption wp-caption-text\">Gebaut f\u00fcr Autarkie, Ruhe und ganzj\u00e4hrigen Komfort.<\/figcaption>\n\t\t\t\t\t\t\t\t\t\t<\/figure>\n\t\t\t\t\t\t\t\t\t<\/div>\n\t\t\t\t<\/div>\n\t\t\t\t<div class=\"elementor-element elementor-element-e1f7f9b elementor-widget elementor-widget-image\" data-id=\"e1f7f9b\" data-element_type=\"widget\" data-e-type=\"widget\" data-widget_type=\"image.default\">\n\t\t\t\t<div class=\"elementor-widget-container\">\n\t\t\t\t\t\t\t\t\t\t\t\t<figure class=\"wp-caption\">\n\t\t\t\t\t\t\t\t\t\t\t<a href=\"https:\/\/www.tinywunderhouse.com\/de-de\/jupiter\/\">\n\t\t\t\t\t\t\t<img decoding=\"async\" width=\"800\" height=\"532\" src=\"https:\/\/www.tinywunderhouse.com\/wp-content\/uploads\/2025\/11\/TinyWunderHouse-Jupiter7-e1762702702140-1.webp\" class=\"attachment-large size-large wp-image-7299\" alt=\"\" srcset=\"https:\/\/www.tinywunderhouse.com\/wp-content\/uploads\/2025\/11\/TinyWunderHouse-Jupiter7-e1762702702140-1.webp 1008w, https:\/\/www.tinywunderhouse.com\/wp-content\/uploads\/2025\/11\/TinyWunderHouse-Jupiter7-e1762702702140-1-300x199.webp 300w, https:\/\/www.tinywunderhouse.com\/wp-content\/uploads\/2025\/11\/TinyWunderHouse-Jupiter7-e1762702702140-1-768x510.webp 768w\" sizes=\"(max-width: 800px) 100vw, 800px\" \/>\t\t\t\t\t\t\t\t<\/a>\n\t\t\t\t\t\t\t\t\t\t\t<figcaption class=\"widget-image-caption wp-caption-text\">Ein warmes, modernes Tiny House f\u00fcr den Alltag.<\/figcaption>\n\t\t\t\t\t\t\t\t\t\t<\/figure>\n\t\t\t\t\t\t\t\t\t<\/div>\n\t\t\t\t<\/div>\n\t\t\t\t<\/div>\n\t\t<div class=\"elementor-element elementor-element-5cf2d8a e-grid e-con-full e-con e-child\" data-id=\"5cf2d8a\" data-element_type=\"container\" data-e-type=\"container\">\n\t\t\t\t<div class=\"elementor-element elementor-element-d2cf16c elementor-align-center elementor-widget elementor-widget-button\" data-id=\"d2cf16c\" data-element_type=\"widget\" data-e-type=\"widget\" data-widget_type=\"button.default\">\n\t\t\t\t<div class=\"elementor-widget-container\">\n\t\t\t\t\t\t\t\t\t<div class=\"elementor-button-wrapper\">\n\t\t\t\t\t<a class=\"elementor-button elementor-button-link elementor-size-sm\" href=\"https:\/\/www.tinywunderhouse.com\/de-de\/saturn\/\">\n\t\t\t\t\t\t<span class=\"elementor-button-content-wrapper\">\n\t\t\t\t\t\t\t\t\t<span class=\"elementor-button-text\">Saturn entdecken \u2192<\/span>\n\t\t\t\t\t<\/span>\n\t\t\t\t\t<\/a>\n\t\t\t\t<\/div>\n\t\t\t\t\t\t\t\t<\/div>\n\t\t\t\t<\/div>\n\t\t\t\t<div class=\"elementor-element elementor-element-2d0f894 elementor-align-center elementor-widget elementor-widget-button\" data-id=\"2d0f894\" data-element_type=\"widget\" data-e-type=\"widget\" data-widget_type=\"button.default\">\n\t\t\t\t<div class=\"elementor-widget-container\">\n\t\t\t\t\t\t\t\t\t<div class=\"elementor-button-wrapper\">\n\t\t\t\t\t<a class=\"elementor-button elementor-button-link elementor-size-sm\" href=\"https:\/\/www.tinywunderhouse.com\/de-de\/jupiter\/\">\n\t\t\t\t\t\t<span class=\"elementor-button-content-wrapper\">\n\t\t\t\t\t\t\t\t\t<span class=\"elementor-button-text\">Jupiter Entdecken\u2192<\/span>\n\t\t\t\t\t<\/span>\n\t\t\t\t\t<\/a>\n\t\t\t\t<\/div>\n\t\t\t\t\t\t\t\t<\/div>\n\t\t\t\t<\/div>\n\t\t\t\t<\/div>\n\t\t<div class=\"elementor-element elementor-element-c05805d e-grid e-con-full e-con e-child\" data-id=\"c05805d\" data-element_type=\"container\" data-e-type=\"container\">\n\t\t\t\t<div class=\"elementor-element elementor-element-f178e46 elementor-widget elementor-widget-text-editor\" data-id=\"f178e46\" data-element_type=\"widget\" data-e-type=\"widget\" data-widget_type=\"text-editor.default\">\n\t\t\t\t<div class=\"elementor-widget-container\">\n\t\t\t\t\t\t\t\t\t<h5>Vollzeit, ganzj\u00e4hrig, autark 100%\u00a0<\/h5><h5>dichte Schafwolle<\/h5><h5>Solarsystem mit Batteriespeicher<\/h5><h5>Ganzjahres-Aluminiumverglasung<\/h5><h5>Erweitert und integriert<\/h5>\t\t\t\t\t\t\t\t<\/div>\n\t\t\t\t<\/div>\n\t\t\t\t<div class=\"elementor-element elementor-element-be63fb1 elementor-widget elementor-widget-text-editor\" data-id=\"be63fb1\" data-element_type=\"widget\" data-e-type=\"widget\" data-widget_type=\"text-editor.default\">\n\t\t\t\t<div class=\"elementor-widget-container\">\n\t\t\t\t\t\t\t\t\t<h5>Alltagskomfort, anschlussbereit<\/h5><h5>Glaswolle und Wollmischung<\/h5><h5>Plug-in, Solar optional<\/h5><h5>Standard-Aluminium mit<\/h5><h5>Doppelverglasung Standardgrundriss<\/h5>\t\t\t\t\t\t\t\t<\/div>\n\t\t\t\t<\/div>\n\t\t\t\t<\/div>\n\t\t\t\t<div class=\"elementor-element elementor-element-08b6dda elementor-widget elementor-widget-spacer\" data-id=\"08b6dda\" data-element_type=\"widget\" data-e-type=\"widget\" data-widget_type=\"spacer.default\">\n\t\t\t\t<div class=\"elementor-widget-container\">\n\t\t\t\t\t\t\t<div class=\"elementor-spacer\">\n\t\t\t<div class=\"elementor-spacer-inner\"><\/div>\n\t\t<\/div>\n\t\t\t\t\t\t<\/div>\n\t\t\t\t<\/div>\n\t\t\t\t\t<\/div>\n\t\t\t\t<\/div>\n\t\t<div class=\"elementor-element elementor-element-d452f2e e-flex e-con-boxed e-con e-parent\" data-id=\"d452f2e\" data-element_type=\"container\" data-e-type=\"container\">\n\t\t\t\t\t<div class=\"e-con-inner\">\n\t\t\t\t<div class=\"elementor-element elementor-element-0ebebd7 elementor-widget elementor-widget-heading\" data-id=\"0ebebd7\" data-element_type=\"widget\" data-e-type=\"widget\" data-widget_type=\"heading.default\">\n\t\t\t\t<div class=\"elementor-widget-container\">\n\t\t\t\t\t<h4 class=\"elementor-heading-title elementor-size-default\">Beide teilen jedoch den gleichen gro\u00dfz\u00fcgigen Innenraum, Eichenoberfl\u00e4chen und ein warmes Wohngef\u00fchl.<\/h4>\t\t\t\t<\/div>\n\t\t\t\t<\/div>\n\t\t\t\t\t<\/div>\n\t\t\t\t<\/div>\n\t\t<div class=\"elementor-element elementor-element-f4d83d3 e-flex e-con-boxed e-con e-parent\" data-id=\"f4d83d3\" data-element_type=\"container\" data-e-type=\"container\">\n\t\t\t\t\t<div class=\"e-con-inner\">\n\t\t\t\t<div class=\"elementor-element elementor-element-ac00e0c elementor-widget elementor-widget-spacer\" data-id=\"ac00e0c\" data-element_type=\"widget\" data-e-type=\"widget\" data-widget_type=\"spacer.default\">\n\t\t\t\t<div class=\"elementor-widget-container\">\n\t\t\t\t\t\t\t<div class=\"elementor-spacer\">\n\t\t\t<div class=\"elementor-spacer-inner\"><\/div>\n\t\t<\/div>\n\t\t\t\t\t\t<\/div>\n\t\t\t\t<\/div>\n\t\t\t\t\t<\/div>\n\t\t\t\t<\/div>\n\t\t<div class=\"elementor-element elementor-element-af1dce7 e-flex e-con-boxed e-con e-parent\" data-id=\"af1dce7\" data-element_type=\"container\" data-e-type=\"container\" data-settings=\"{&quot;background_background&quot;:&quot;classic&quot;}\">\n\t\t\t\t\t<div class=\"e-con-inner\">\n\t\t<div class=\"elementor-element elementor-element-b3c9df0 e-con-full e-flex e-con e-child\" data-id=\"b3c9df0\" data-element_type=\"container\" data-e-type=\"container\">\n\t\t\t\t<div class=\"elementor-element elementor-element-c925b9a elementor-widget elementor-widget-heading\" data-id=\"c925b9a\" data-element_type=\"widget\" data-e-type=\"widget\" data-widget_type=\"heading.default\">\n\t\t\t\t<div class=\"elementor-widget-container\">\n\t\t\t\t\t<h2 class=\"elementor-heading-title elementor-size-default\">Not sure which one fits your life?<\/h2>\t\t\t\t<\/div>\n\t\t\t\t<\/div>\n\t\t\t\t<div class=\"elementor-element elementor-element-037214f elementor-widget elementor-widget-text-editor\" data-id=\"037214f\" data-element_type=\"widget\" data-e-type=\"widget\" data-widget_type=\"text-editor.default\">\n\t\t\t\t<div class=\"elementor-widget-container\">\n\t\t\t\t\t\t\t\t\t<p>Tell us where you want to place it.<\/p>\t\t\t\t\t\t\t\t<\/div>\n\t\t\t\t<\/div>\n\t\t\t\t<div class=\"elementor-element elementor-element-05523f9 elementor-align-center elementor-widget elementor-widget-button\" data-id=\"05523f9\" data-element_type=\"widget\" data-e-type=\"widget\" data-widget_type=\"button.default\">\n\t\t\t\t<div class=\"elementor-widget-container\">\n\t\t\t\t\t\t\t\t\t<div class=\"elementor-button-wrapper\">\n\t\t\t\t\t<a class=\"elementor-button elementor-button-link elementor-size-lg\" href=\"\/contact\">\n\t\t\t\t\t\t<span class=\"elementor-button-content-wrapper\">\n\t\t\t\t\t\t\t\t\t<span class=\"elementor-button-text\">Contact Us<\/span>\n\t\t\t\t\t<\/span>\n\t\t\t\t\t<\/a>\n\t\t\t\t<\/div>\n\t\t\t\t\t\t\t\t<\/div>\n\t\t\t\t<\/div>\n\t\t\t\t<\/div>\n\t\t\t\t\t<\/div>\n\t\t\t\t<\/div>\n\t\t\t\t<\/div>\n\t\t","protected":false},"excerpt":{"rendered":"<p>7,2-m Tiny House Serie Zwei Varianten, ein Lebensstil. Gebaut f\u00fcr ganzj\u00e4hrigen Komfort und den Alltag. Sorgf\u00e4ltig gebaut. Au\u00dfergew\u00f6hnlich bewohnbar. Unsere 7,2-m Modelle teilen die gleiche bauliche Grundlageein gro\u00dfz\u00fcgiger Grundriss, nat\u00fcrliche Materialien, solide D\u00e4mmung und ruhige, warme Innenr\u00e4ume.Der Unterschied liegt darin, wie du darin leben m\u00f6chtest. Gebaut f\u00fcr Autarkie, Ruhe und ganzj\u00e4hrigen Komfort. Ein warmes, modernes [&hellip;]<\/p>\n","protected":false},"author":1,"featured_media":6938,"parent":0,"menu_order":0,"comment_status":"closed","ping_status":"closed","template":"","meta":{"om_disable_all_campaigns":false,"_monsterinsights_skip_tracking":false,"_monsterinsights_sitenote_active":false,"_monsterinsights_sitenote_note":"","_monsterinsights_sitenote_category":0,"footnotes":""},"class_list":["post-7245","page","type-page","status-publish","has-post-thumbnail","hentry"],"aioseo_notices":[],"_links":{"self":[{"href":"https:\/\/www.tinywunderhouse.com\/de-de\/wp-json\/wp\/v2\/pages\/7245","targetHints":{"allow":["GET"]}}],"collection":[{"href":"https:\/\/www.tinywunderhouse.com\/de-de\/wp-json\/wp\/v2\/pages"}],"about":[{"href":"https:\/\/www.tinywunderhouse.com\/de-de\/wp-json\/wp\/v2\/types\/page"}],"author":[{"embeddable":true,"href":"https:\/\/www.tinywunderhouse.com\/de-de\/wp-json\/wp\/v2\/users\/1"}],"replies":[{"embeddable":true,"href":"https:\/\/www.tinywunderhouse.com\/de-de\/wp-json\/wp\/v2\/comments?post=7245"}],"version-history":[{"count":9,"href":"https:\/\/www.tinywunderhouse.com\/de-de\/wp-json\/wp\/v2\/pages\/7245\/revisions"}],"predecessor-version":[{"id":7449,"href":"https:\/\/www.tinywunderhouse.com\/de-de\/wp-json\/wp\/v2\/pages\/7245\/revisions\/7449"}],"wp:featuredmedia":[{"embeddable":true,"href":"https:\/\/www.tinywunderhouse.com\/de-de\/wp-json\/wp\/v2\/media\/6938"}],"wp:attachment":[{"href":"https:\/\/www.tinywunderhouse.com\/de-de\/wp-json\/wp\/v2\/media?parent=7245"}],"curies":[{"name":"wp","href":"https:\/\/api.w.org\/{rel}","templated":true}]}}